{"id":234,"date":"2011-09-30T10:09:41","date_gmt":"2011-09-30T10:09:41","guid":{"rendered":"http:\/\/visionae.de\/?page_id=234"},"modified":"2011-10-11T15:20:06","modified_gmt":"2011-10-11T15:20:06","slug":"willkommen","status":"publish","type":"page","link":"https:\/\/visionae.de\/","title":{"rendered":"Willkommen"},"content":{"rendered":"<h1><span style=\"color: #003300;\">&#8230; bei visionae &#8211; Kulturberatung<\/span><\/h1>\n<p>&nbsp;<\/p>\n<p><span style=\"color: #003300;\">Jetzt die Weichen f\u00fcr die Zukunft stellen, daf\u00fcr stehen die Angebote, auf die Sie zugreifen k\u00f6nnen. Bitte schauen Sie sich um und sprechen Sie uns an.<\/span><\/p>\n<p><span style=\"color: #003300;\"><em>&#8220;Der Wechsel allein ist das Best\u00e4ndige&#8221;<\/em> (Arthur Schopenhauer)<\/span><\/p>\n","protected":false},"excerpt":{"rendered":"<p>&#8230; bei visionae &#8211; Kulturberatung &nbsp; Jetzt die Weichen f\u00fcr die Zukunft stellen, daf\u00fcr stehen die Angebote, auf die Sie zugreifen k\u00f6nnen. Bitte schauen Sie sich um und sprechen Sie uns an. &#8220;Der Wechsel allein ist das Best\u00e4ndige&#8221; (Arthur Schopenhauer)<\/p>\n","protected":false},"author":1,"featured_media":0,"parent":0,"menu_order":0,"comment_status":"closed","ping_status":"open","template":"","meta":{"footnotes":""},"class_list":["post-234","page","type-page","status-publish","hentry"],"_links":{"self":[{"href":"https:\/\/visionae.de\/index.php?rest_route=\/wp\/v2\/pages\/234","targetHints":{"allow":["GET"]}}],"collection":[{"href":"https:\/\/visionae.de\/index.php?rest_route=\/wp\/v2\/pages"}],"about":[{"href":"https:\/\/visionae.de\/index.php?rest_route=\/wp\/v2\/types\/page"}],"author":[{"embeddable":true,"href":"https:\/\/visionae.de\/index.php?rest_route=\/wp\/v2\/users\/1"}],"replies":[{"embeddable":true,"href":"https:\/\/visionae.de\/index.php?rest_route=%2Fwp%2Fv2%2Fcomments&post=234"}],"version-history":[{"count":10,"href":"https:\/\/visionae.de\/index.php?rest_route=\/wp\/v2\/pages\/234\/revisions"}],"predecessor-version":[{"id":272,"href":"https:\/\/visionae.de\/index.php?rest_route=\/wp\/v2\/pages\/234\/revisions\/272"}],"wp:attachment":[{"href":"https:\/\/visionae.de\/index.php?rest_route=%2Fwp%2Fv2%2Fmedia&parent=234"}],"curies":[{"name":"wp","href":"https:\/\/api.w.org\/{rel}","templated":true}]}}